{"id":5277,"date":"2020-08-18T15:22:49","date_gmt":"2020-08-18T20:22:49","guid":{"rendered":"https:\/\/molinoviejo.co\/club\/?page_id=5277"},"modified":"2020-08-18T15:22:50","modified_gmt":"2020-08-18T20:22:50","slug":"futbol-2015","status":"publish","type":"page","link":"https:\/\/molinoviejo.co\/club\/futbol-2015\/","title":{"rendered":"F\u00fatbol 2015"},"content":{"rendered":"\n<div class=\"wp-block-image\"><figure class=\"aligncenter size-large\"><img loading=\"lazy\" decoding=\"async\" width=\"600\" height=\"400\" src=\"https:\/\/molinoviejo.co\/club\/wp-content\/uploads\/2020\/08\/Futbol-masculino-JUVENIL-A-EQUIPO.png\" alt=\"\" class=\"wp-image-5278\" srcset=\"https:\/\/molinoviejo.co\/club\/wp-content\/uploads\/2020\/08\/Futbol-masculino-JUVENIL-A-EQUIPO.png 600w, https:\/\/molinoviejo.co\/club\/wp-content\/uploads\/2020\/08\/Futbol-masculino-JUVENIL-A-EQUIPO-300x200.png 300w, https:\/\/molinoviejo.co\/club\/wp-content\/uploads\/2020\/08\/Futbol-masculino-JUVENIL-A-EQUIPO-128x85.png 128w, https:\/\/molinoviejo.co\/club\/wp-content\/uploads\/2020\/08\/Futbol-masculino-JUVENIL-A-EQUIPO-32x21.png 32w\" sizes=\"auto, (max-width: 600px) 100vw, 600px\" \/><figcaption>F\u00fatbol Masculino Categor\u00eda Primera A &#8211; Ver Jugadores<\/figcaption><\/figure><\/div>\n\n\n\n<div class=\"wp-block-image\"><figure class=\"aligncenter size-large\"><img loading=\"lazy\" decoding=\"async\" width=\"600\" height=\"400\" src=\"https:\/\/molinoviejo.co\/club\/wp-content\/uploads\/2020\/08\/futbol-masculino-PRIMERA-C-EQUIPO-2.png\" alt=\"\" class=\"wp-image-5279\" srcset=\"https:\/\/molinoviejo.co\/club\/wp-content\/uploads\/2020\/08\/futbol-masculino-PRIMERA-C-EQUIPO-2.png 600w, https:\/\/molinoviejo.co\/club\/wp-content\/uploads\/2020\/08\/futbol-masculino-PRIMERA-C-EQUIPO-2-300x200.png 300w, https:\/\/molinoviejo.co\/club\/wp-content\/uploads\/2020\/08\/futbol-masculino-PRIMERA-C-EQUIPO-2-128x85.png 128w, https:\/\/molinoviejo.co\/club\/wp-content\/uploads\/2020\/08\/futbol-masculino-PRIMERA-C-EQUIPO-2-32x21.png 32w\" sizes=\"auto, (max-width: 600px) 100vw, 600px\" \/><figcaption>F\u00fatbol Masculino Categor\u00eda Primera C &#8211; Ver Jugadores<\/figcaption><\/figure><\/div>\n\n\n\n<div class=\"wp-block-image\"><figure class=\"aligncenter size-large\"><img loading=\"lazy\" decoding=\"async\" width=\"600\" height=\"400\" src=\"https:\/\/molinoviejo.co\/club\/wp-content\/uploads\/2020\/08\/JUVENIL-A-EQUIPO.png\" alt=\"\" class=\"wp-image-5280\" srcset=\"https:\/\/molinoviejo.co\/club\/wp-content\/uploads\/2020\/08\/JUVENIL-A-EQUIPO.png 600w, https:\/\/molinoviejo.co\/club\/wp-content\/uploads\/2020\/08\/JUVENIL-A-EQUIPO-300x200.png 300w, https:\/\/molinoviejo.co\/club\/wp-content\/uploads\/2020\/08\/JUVENIL-A-EQUIPO-128x85.png 128w, https:\/\/molinoviejo.co\/club\/wp-content\/uploads\/2020\/08\/JUVENIL-A-EQUIPO-32x21.png 32w\" sizes=\"auto, (max-width: 600px) 100vw, 600px\" \/><figcaption>F\u00fatbol Masculino Categor\u00eda Juvenil A &#8211; Ver Jugadores<\/figcaption><\/figure><\/div>\n\n\n\n<div class=\"wp-block-image\"><figure class=\"aligncenter size-large\"><img loading=\"lazy\" decoding=\"async\" width=\"600\" height=\"400\" src=\"https:\/\/molinoviejo.co\/club\/wp-content\/uploads\/2020\/08\/SUB-16-EQUIPO.png\" alt=\"\" class=\"wp-image-5281\" srcset=\"https:\/\/molinoviejo.co\/club\/wp-content\/uploads\/2020\/08\/SUB-16-EQUIPO.png 600w, https:\/\/molinoviejo.co\/club\/wp-content\/uploads\/2020\/08\/SUB-16-EQUIPO-300x200.png 300w, https:\/\/molinoviejo.co\/club\/wp-content\/uploads\/2020\/08\/SUB-16-EQUIPO-128x85.png 128w, https:\/\/molinoviejo.co\/club\/wp-content\/uploads\/2020\/08\/SUB-16-EQUIPO-32x21.png 32w\" sizes=\"auto, (max-width: 600px) 100vw, 600px\" \/><figcaption>F\u00fatbol Masculino Categor\u00eda Sub16 A &#8211; Ver Jugadores<\/figcaption><\/figure><\/div>\n\n\n\n<div class=\"wp-block-image\"><figure class=\"aligncenter size-large\"><img loading=\"lazy\" decoding=\"async\" width=\"600\" height=\"400\" src=\"https:\/\/molinoviejo.co\/club\/wp-content\/uploads\/2020\/08\/SUB-15-A-EQUIPO-2.png\" alt=\"\" class=\"wp-image-5282\" srcset=\"https:\/\/molinoviejo.co\/club\/wp-content\/uploads\/2020\/08\/SUB-15-A-EQUIPO-2.png 600w, https:\/\/molinoviejo.co\/club\/wp-content\/uploads\/2020\/08\/SUB-15-A-EQUIPO-2-300x200.png 300w, https:\/\/molinoviejo.co\/club\/wp-content\/uploads\/2020\/08\/SUB-15-A-EQUIPO-2-128x85.png 128w, https:\/\/molinoviejo.co\/club\/wp-content\/uploads\/2020\/08\/SUB-15-A-EQUIPO-2-32x21.png 32w\" sizes=\"auto, (max-width: 600px) 100vw, 600px\" \/><figcaption>F\u00fatbol Masculino Categor\u00eda Sub15 A &#8211; Ver Jugadores<\/figcaption><\/figure><\/div>\n\n\n\n<div class=\"wp-block-image\"><figure class=\"aligncenter size-large\"><img loading=\"lazy\" decoding=\"async\" width=\"600\" height=\"400\" src=\"https:\/\/molinoviejo.co\/club\/wp-content\/uploads\/2020\/08\/SUB-14-EQUIPO.jpg\" alt=\"\" class=\"wp-image-5283\" srcset=\"https:\/\/molinoviejo.co\/club\/wp-content\/uploads\/2020\/08\/SUB-14-EQUIPO.jpg 600w, https:\/\/molinoviejo.co\/club\/wp-content\/uploads\/2020\/08\/SUB-14-EQUIPO-300x200.jpg 300w, https:\/\/molinoviejo.co\/club\/wp-content\/uploads\/2020\/08\/SUB-14-EQUIPO-128x85.jpg 128w, https:\/\/molinoviejo.co\/club\/wp-content\/uploads\/2020\/08\/SUB-14-EQUIPO-32x21.jpg 32w\" sizes=\"auto, (max-width: 600px) 100vw, 600px\" \/><figcaption>F\u00fatbol Masculino Categor\u00eda Sub14 A &#8211; Ver Jugadores<\/figcaption><\/figure><\/div>\n\n\n\n<div class=\"wp-block-image\"><figure class=\"aligncenter size-large\"><img loading=\"lazy\" decoding=\"async\" width=\"600\" height=\"400\" src=\"https:\/\/molinoviejo.co\/club\/wp-content\/uploads\/2020\/08\/SUB-13-EQUIPO.jpg\" alt=\"\" class=\"wp-image-5284\" srcset=\"https:\/\/molinoviejo.co\/club\/wp-content\/uploads\/2020\/08\/SUB-13-EQUIPO.jpg 600w, https:\/\/molinoviejo.co\/club\/wp-content\/uploads\/2020\/08\/SUB-13-EQUIPO-300x200.jpg 300w, https:\/\/molinoviejo.co\/club\/wp-content\/uploads\/2020\/08\/SUB-13-EQUIPO-128x85.jpg 128w, https:\/\/molinoviejo.co\/club\/wp-content\/uploads\/2020\/08\/SUB-13-EQUIPO-32x21.jpg 32w\" sizes=\"auto, (max-width: 600px) 100vw, 600px\" \/><figcaption>F\u00fatbol Masculino Categor\u00eda Sub13 A &#8211; Ver Jugadores<\/figcaption><\/figure><\/div>\n\n\n\n<div class=\"wp-block-image\"><figure class=\"aligncenter size-large\"><img loading=\"lazy\" decoding=\"async\" width=\"600\" height=\"400\" src=\"https:\/\/molinoviejo.co\/club\/wp-content\/uploads\/2020\/08\/SUB-12-EQUIPO.png\" alt=\"\" class=\"wp-image-5285\" srcset=\"https:\/\/molinoviejo.co\/club\/wp-content\/uploads\/2020\/08\/SUB-12-EQUIPO.png 600w, https:\/\/molinoviejo.co\/club\/wp-content\/uploads\/2020\/08\/SUB-12-EQUIPO-300x200.png 300w, https:\/\/molinoviejo.co\/club\/wp-content\/uploads\/2020\/08\/SUB-12-EQUIPO-128x85.png 128w, https:\/\/molinoviejo.co\/club\/wp-content\/uploads\/2020\/08\/SUB-12-EQUIPO-32x21.png 32w\" sizes=\"auto, (max-width: 600px) 100vw, 600px\" \/><figcaption>F\u00fatbol Masculino Categor\u00eda Sub12 A &#8211; Ver Jugadores<\/figcaption><\/figure><\/div>\n\n\n\n<div class=\"wp-block-image\"><figure class=\"aligncenter size-large\"><img loading=\"lazy\" decoding=\"async\" width=\"600\" height=\"400\" src=\"https:\/\/molinoviejo.co\/club\/wp-content\/uploads\/2020\/08\/SUB-11-EQUIPO-2.png\" alt=\"\" class=\"wp-image-5286\" srcset=\"https:\/\/molinoviejo.co\/club\/wp-content\/uploads\/2020\/08\/SUB-11-EQUIPO-2.png 600w, https:\/\/molinoviejo.co\/club\/wp-content\/uploads\/2020\/08\/SUB-11-EQUIPO-2-300x200.png 300w, https:\/\/molinoviejo.co\/club\/wp-content\/uploads\/2020\/08\/SUB-11-EQUIPO-2-128x85.png 128w, https:\/\/molinoviejo.co\/club\/wp-content\/uploads\/2020\/08\/SUB-11-EQUIPO-2-32x21.png 32w\" sizes=\"auto, (max-width: 600px) 100vw, 600px\" \/><figcaption>F\u00fatbol Masculino Categor\u00eda Sub11 A &#8211; Ver Jugadores<\/figcaption><\/figure><\/div>\n\n\n\n<div class=\"wp-block-image\"><figure class=\"aligncenter size-large\"><img loading=\"lazy\" decoding=\"async\" width=\"600\" height=\"400\" src=\"https:\/\/molinoviejo.co\/club\/wp-content\/uploads\/2020\/08\/SUB-10-EQUIPO-2.png\" alt=\"\" class=\"wp-image-5287\" srcset=\"https:\/\/molinoviejo.co\/club\/wp-content\/uploads\/2020\/08\/SUB-10-EQUIPO-2.png 600w, https:\/\/molinoviejo.co\/club\/wp-content\/uploads\/2020\/08\/SUB-10-EQUIPO-2-300x200.png 300w, https:\/\/molinoviejo.co\/club\/wp-content\/uploads\/2020\/08\/SUB-10-EQUIPO-2-128x85.png 128w, https:\/\/molinoviejo.co\/club\/wp-content\/uploads\/2020\/08\/SUB-10-EQUIPO-2-32x21.png 32w\" sizes=\"auto, (max-width: 600px) 100vw, 600px\" \/><figcaption>F\u00fatbol Masculino Categor\u00eda Sub10 A &#8211; Ver Jugadores<\/figcaption><\/figure><\/div>\n\n\n\n<div class=\"wp-block-image\"><figure class=\"aligncenter size-large\"><img loading=\"lazy\" decoding=\"async\" width=\"600\" height=\"400\" src=\"https:\/\/molinoviejo.co\/club\/wp-content\/uploads\/2020\/08\/SUB-9-EQUIPO.jpg\" alt=\"\" class=\"wp-image-5288\" srcset=\"https:\/\/molinoviejo.co\/club\/wp-content\/uploads\/2020\/08\/SUB-9-EQUIPO.jpg 600w, https:\/\/molinoviejo.co\/club\/wp-content\/uploads\/2020\/08\/SUB-9-EQUIPO-300x200.jpg 300w, https:\/\/molinoviejo.co\/club\/wp-content\/uploads\/2020\/08\/SUB-9-EQUIPO-128x85.jpg 128w, https:\/\/molinoviejo.co\/club\/wp-content\/uploads\/2020\/08\/SUB-9-EQUIPO-32x21.jpg 32w\" sizes=\"auto, (max-width: 600px) 100vw, 600px\" \/><figcaption>F\u00fatbol Masculino Categor\u00eda Sub9 A &#8211; Ver Jugadores<\/figcaption><\/figure><\/div>\n\n\n\n<div class=\"wp-block-image\"><figure class=\"aligncenter size-large\"><img loading=\"lazy\" decoding=\"async\" width=\"600\" height=\"400\" src=\"https:\/\/molinoviejo.co\/club\/wp-content\/uploads\/2020\/08\/FEMENINO-LIBRE-EQUIPO.png\" alt=\"\" class=\"wp-image-5289\" srcset=\"https:\/\/molinoviejo.co\/club\/wp-content\/uploads\/2020\/08\/FEMENINO-LIBRE-EQUIPO.png 600w, https:\/\/molinoviejo.co\/club\/wp-content\/uploads\/2020\/08\/FEMENINO-LIBRE-EQUIPO-300x200.png 300w, https:\/\/molinoviejo.co\/club\/wp-content\/uploads\/2020\/08\/FEMENINO-LIBRE-EQUIPO-128x85.png 128w, https:\/\/molinoviejo.co\/club\/wp-content\/uploads\/2020\/08\/FEMENINO-LIBRE-EQUIPO-32x21.png 32w\" sizes=\"auto, (max-width: 600px) 100vw, 600px\" \/><figcaption>F\u00fatbol Femenino Categor\u00eda Libre &#8211; Ver Jugadoras<\/figcaption><\/figure><\/div>\n\n\n\n<div class=\"wp-block-image\"><figure class=\"aligncenter size-large\"><img loading=\"lazy\" decoding=\"async\" width=\"600\" height=\"400\" src=\"https:\/\/molinoviejo.co\/club\/wp-content\/uploads\/2020\/08\/FEMENINO-JUVENIL-EQUIPO.png\" alt=\"\" class=\"wp-image-5290\" srcset=\"https:\/\/molinoviejo.co\/club\/wp-content\/uploads\/2020\/08\/FEMENINO-JUVENIL-EQUIPO.png 600w, https:\/\/molinoviejo.co\/club\/wp-content\/uploads\/2020\/08\/FEMENINO-JUVENIL-EQUIPO-300x200.png 300w, https:\/\/molinoviejo.co\/club\/wp-content\/uploads\/2020\/08\/FEMENINO-JUVENIL-EQUIPO-128x85.png 128w, https:\/\/molinoviejo.co\/club\/wp-content\/uploads\/2020\/08\/FEMENINO-JUVENIL-EQUIPO-32x21.png 32w\" sizes=\"auto, (max-width: 600px) 100vw, 600px\" \/><figcaption>F\u00fatbol Femenino Categor\u00eda Juvenil &#8211; Ver Jugadoras<\/figcaption><\/figure><\/div>\n\n\n\n<div class=\"wp-block-image\"><figure class=\"aligncenter size-large\"><img loading=\"lazy\" decoding=\"async\" width=\"600\" height=\"400\" src=\"https:\/\/molinoviejo.co\/club\/wp-content\/uploads\/2020\/08\/FEMENINO-INFANTIL-EQUIPO.png\" alt=\"\" class=\"wp-image-5291\" srcset=\"https:\/\/molinoviejo.co\/club\/wp-content\/uploads\/2020\/08\/FEMENINO-INFANTIL-EQUIPO.png 600w, https:\/\/molinoviejo.co\/club\/wp-content\/uploads\/2020\/08\/FEMENINO-INFANTIL-EQUIPO-300x200.png 300w, https:\/\/molinoviejo.co\/club\/wp-content\/uploads\/2020\/08\/FEMENINO-INFANTIL-EQUIPO-128x85.png 128w, https:\/\/molinoviejo.co\/club\/wp-content\/uploads\/2020\/08\/FEMENINO-INFANTIL-EQUIPO-32x21.png 32w\" sizes=\"auto, (max-width: 600px) 100vw, 600px\" \/><figcaption>F\u00fatbol Femenino Categor\u00eda Infantil &#8211; Ver Jugadoras<\/figcaption><\/figure><\/div>\n\n\n\n<div class=\"wp-block-image\"><figure class=\"aligncenter size-large\"><img loading=\"lazy\" decoding=\"async\" width=\"600\" height=\"400\" src=\"https:\/\/molinoviejo.co\/club\/wp-content\/uploads\/2020\/08\/FEMENINO-MICRO-EQUIPO.png\" alt=\"\" class=\"wp-image-5292\" srcset=\"https:\/\/molinoviejo.co\/club\/wp-content\/uploads\/2020\/08\/FEMENINO-MICRO-EQUIPO.png 600w, https:\/\/molinoviejo.co\/club\/wp-content\/uploads\/2020\/08\/FEMENINO-MICRO-EQUIPO-300x200.png 300w, https:\/\/molinoviejo.co\/club\/wp-content\/uploads\/2020\/08\/FEMENINO-MICRO-EQUIPO-128x85.png 128w, https:\/\/molinoviejo.co\/club\/wp-content\/uploads\/2020\/08\/FEMENINO-MICRO-EQUIPO-32x21.png 32w\" sizes=\"auto, (max-width: 600px) 100vw, 600px\" \/><figcaption>F\u00fatbol Femenino Categor\u00eda Microf\u00fatbol &#8211; Ver Jugadoras<\/figcaption><\/figure><\/div>\n","protected":false},"excerpt":{"rendered":"","protected":false},"author":1,"featured_media":0,"parent":0,"menu_order":0,"comment_status":"closed","ping_status":"closed","template":"","meta":{"footnotes":""},"class_list":["post-5277","page","type-page","status-publish","hentry"],"_links":{"self":[{"href":"https:\/\/molinoviejo.co\/club\/wp-json\/wp\/v2\/pages\/5277","targetHints":{"allow":["GET"]}}],"collection":[{"href":"https:\/\/molinoviejo.co\/club\/wp-json\/wp\/v2\/pages"}],"about":[{"href":"https:\/\/molinoviejo.co\/club\/wp-json\/wp\/v2\/types\/page"}],"author":[{"embeddable":true,"href":"https:\/\/molinoviejo.co\/club\/wp-json\/wp\/v2\/users\/1"}],"replies":[{"embeddable":true,"href":"https:\/\/molinoviejo.co\/club\/wp-json\/wp\/v2\/comments?post=5277"}],"version-history":[{"count":1,"href":"https:\/\/molinoviejo.co\/club\/wp-json\/wp\/v2\/pages\/5277\/revisions"}],"predecessor-version":[{"id":5293,"href":"https:\/\/molinoviejo.co\/club\/wp-json\/wp\/v2\/pages\/5277\/revisions\/5293"}],"wp:attachment":[{"href":"https:\/\/molinoviejo.co\/club\/wp-json\/wp\/v2\/media?parent=5277"}],"curies":[{"name":"wp","href":"https:\/\/api.w.org\/{rel}","templated":true}]}}