{"id":14234,"date":"2021-01-31T20:11:03","date_gmt":"2021-02-01T01:11:03","guid":{"rendered":"https:\/\/molinoviejo.co\/prueba\/?page_id=14234"},"modified":"2026-01-19T13:37:43","modified_gmt":"2026-01-19T18:37:43","slug":"molinos-del-palmar-ventas","status":"publish","type":"page","link":"https:\/\/molinoviejo.co\/constructora\/molinos-del-palmar-ventas\/","title":{"rendered":"Molinos Del Palmar Ventas"},"content":{"rendered":"<div class=\"wpb-content-wrapper\"><p>[vc_row][vc_column][vc_single_image image=&#8221;15062&#8243; alignment=&#8221;center&#8221; css=&#8221;&#8221;][\/vc_column][\/vc_row][vc_row][vc_column][\/vc_column][\/vc_row][vc_row][vc_column width=&#8221;1\/2&#8243;][vc_images_carousel images=&#8221;14632,14631,14194,14195,14192,14199,14198,14197,14191,14196,14186,14189,14188&#8243; img_size=&#8221;full&#8221; hide_pagination_control=&#8221;yes&#8221;][\/vc_column][vc_column width=&#8221;1\/2&#8243;][vc_cta h2=&#8221;&#8221; css=&#8221;.vc_custom_1612145780685{margin-top: 0px !important;background-color: #f7f7f7 !important;}&#8221;]<\/p>\n<h2>Caracter\u00edsticas<\/h2>\n<ul>\n<li>Unidad cerrada con porter\u00eda<\/li>\n<li style=\"text-align: left;\">V\u00edas en rocamix<\/li>\n<li style=\"text-align: left;\">Red de telecomunicaciones<\/li>\n<li style=\"text-align: left;\">Red de alumbrado p\u00fablico<\/li>\n<li style=\"text-align: left;\">Planta y red de acueducto<\/li>\n<\/ul>\n<p>[\/vc_cta][vc_btn title=&#8221;Ver presentaci\u00f3n&#8221; style=&#8221;outline-custom&#8221; outline_custom_color=&#8221;#666666&#8243; outline_custom_hover_background=&#8221;#50a1d2&#8243; outline_custom_hover_text=&#8221;#ffffff&#8221; link=&#8221;url:https%3A%2F%2Fmolinoviejo.co%2Fconstructora%2Fwp-content%2Fuploads%2F2021%2F02%2FMOLINOS-DEL-PALMAR.pdf&#8221;][vc_btn title=&#8221;M\u00e1s informaci\u00f3n&#8221; style=&#8221;outline-custom&#8221; outline_custom_color=&#8221;#666666&#8243; outline_custom_hover_background=&#8221;#50a1d2&#8243; outline_custom_hover_text=&#8221;#ffffff&#8221; link=&#8221;url:https%3A%2F%2Fmolinoviejo.co%2Fconstructora%2Fcontacto%2F|title:Contacto&#8221;][\/vc_column][\/vc_row][vc_row][vc_column][vc_column_text]<\/p>\n<h6 style=\"text-align: center;\">Dise\u00f1o y construcci\u00f3n con talento y calidad<\/h6>\n<p>[\/vc_column_text][\/vc_column][\/vc_row]<\/p>\n<\/div>","protected":false},"excerpt":{"rendered":"<p>[vc_row][vc_column][vc_single_image image=&#8221;15062&#8243; alignment=&#8221;center&#8221; css=&#8221;&#8221;][\/vc_column][\/vc_row][vc_row][vc_column][\/vc_column][\/vc_row][vc_row][vc_column width=&#8221;1\/2&#8243;][vc_images_carousel images=&#8221;14632,14631,14194,14195,14192,14199,14198,14197,14191,14196,14186,14189,14188&#8243; img_size=&#8221;full&#8221; hide_pagination_control=&#8221;yes&#8221;][\/vc_column][vc_column width=&#8221;1\/2&#8243;][vc_cta h2=&#8221;&#8221; css=&#8221;.vc_custom_1612145780685{margin-top: 0px !important;background-color: #f7f7f7 !important;}&#8221;] Caracter\u00edsticas Unidad cerrada con porter\u00eda V\u00edas en rocamix Red de telecomunicaciones Red de alumbrado p\u00fablico Planta y red de acueducto [\/vc_cta][vc_btn title=&#8221;Ver presentaci\u00f3n&#8221; style=&#8221;outline-custom&#8221; outline_custom_color=&#8221;#666666&#8243; outline_custom_hover_background=&#8221;#50a1d2&#8243; outline_custom_hover_text=&#8221;#ffffff&#8221; link=&#8221;url:https%3A%2F%2Fmolinoviejo.co%2Fconstructora%2Fwp-content%2Fuploads%2F2021%2F02%2FMOLINOS-DEL-PALMAR.pdf&#8221;][vc_btn title=&#8221;M\u00e1s informaci\u00f3n&#8221; style=&#8221;outline-custom&#8221; outline_custom_color=&#8221;#666666&#8243; outline_custom_hover_background=&#8221;#50a1d2&#8243; outline_custom_hover_text=&#8221;#ffffff&#8221; link=&#8221;url:https%3A%2F%2Fmolinoviejo.co%2Fconstructora%2Fcontacto%2F|title:Contacto&#8221;][\/vc_column][\/vc_row][vc_row][vc_column][vc_column_text] Dise\u00f1o y construcci\u00f3n con talento [&hellip;]<\/p>\n","protected":false},"author":1,"featured_media":0,"parent":0,"menu_order":0,"comment_status":"closed","ping_status":"closed","template":"","meta":{"footnotes":""},"class_list":["post-14234","page","type-page","status-publish","hentry"],"_links":{"self":[{"href":"https:\/\/molinoviejo.co\/constructora\/wp-json\/wp\/v2\/pages\/14234","targetHints":{"allow":["GET"]}}],"collection":[{"href":"https:\/\/molinoviejo.co\/constructora\/wp-json\/wp\/v2\/pages"}],"about":[{"href":"https:\/\/molinoviejo.co\/constructora\/wp-json\/wp\/v2\/types\/page"}],"author":[{"embeddable":true,"href":"https:\/\/molinoviejo.co\/constructora\/wp-json\/wp\/v2\/users\/1"}],"replies":[{"embeddable":true,"href":"https:\/\/molinoviejo.co\/constructora\/wp-json\/wp\/v2\/comments?post=14234"}],"version-history":[{"count":25,"href":"https:\/\/molinoviejo.co\/constructora\/wp-json\/wp\/v2\/pages\/14234\/revisions"}],"predecessor-version":[{"id":15063,"href":"https:\/\/molinoviejo.co\/constructora\/wp-json\/wp\/v2\/pages\/14234\/revisions\/15063"}],"wp:attachment":[{"href":"https:\/\/molinoviejo.co\/constructora\/wp-json\/wp\/v2\/media?parent=14234"}],"curies":[{"name":"wp","href":"https:\/\/api.w.org\/{rel}","templated":true}]}}