{"id":7950,"date":"2016-07-28T10:46:34","date_gmt":"2016-07-28T10:46:34","guid":{"rendered":"http:\/\/themicart.com\/interico-wp\/?page_id=15"},"modified":"2021-08-18T12:21:30","modified_gmt":"2021-08-18T17:21:30","slug":"nuestro-equipo","status":"publish","type":"page","link":"https:\/\/molinoviejo.co\/constructora\/nuestro-equipo\/","title":{"rendered":"Nuestro Equipo"},"content":{"rendered":"<div class=\"wpb-content-wrapper\"><p>[vc_row content_placement=&#8221;middle&#8221; css=&#8221;.vc_custom_1612153435064{margin-top: 0px !important;}&#8221;][vc_column width=&#8221;1\/2&#8243;][vc_row_inner el_class=&#8221;overlap-right&#8221;][vc_column_inner el_class=&#8221;shadow-box&#8221; width=&#8221;4\/5&#8243;]<span class=\"subtitle dash-false style-dark text-default\">SOBRE NOSOTROS<\/span>[vc_column_text]<\/p>\n<h2>SOMOS UNA EMPRESA INTEGRAL Y COMPROMETIDA CON OFRECER UN EXCELENTE SERVICIO.<\/h2>\n<p>[\/vc_column_text]<div class=\"dash style-dark default\"><\/div>[vc_column_text]<\/p>\n<p style=\"text-align: justify;\">La Constructora Molino Viejo SAS, nace el 15 de abril de 2006 y desde ese momento se ha ganado un nicho en el gremio del dise\u00f1o y la construcci\u00f3n en Antioquia, por generar proyectos amables, c\u00f3modos y sensatos, que brinden al usuario final las caracter\u00edsticas ideales seg\u00fan el caso, para el desarrollo de calidad de vida.<\/p>\n<p style=\"text-align: justify;\">Participa en los proyectos como socio y realiza las actividades de dise\u00f1o arquitect\u00f3nico, construcci\u00f3n directa e interventor\u00eda seg\u00fan el tipo de proyecto.<\/p>\n<p style=\"text-align: justify;\">Su filosof\u00eda es la de formar arquitectos j\u00f3venes, dentro de los par\u00e1metros de la concepci\u00f3n art\u00edstica, la \u00e9tica profesional y el crecimiento personal dentro de un ambiente de trabajo amable, brind\u00e1ndoles la oportunidad de participar en todo el proceso creativo y de construcci\u00f3n de sus proyectos.<\/p>\n<p>[\/vc_column_text][\/vc_column_inner][\/vc_row_inner][\/vc_column][vc_column width=&#8221;1\/2&#8243;][vc_single_image image=&#8221;13540&#8243;][\/vc_column][\/vc_row][vc_row][vc_column][\/vc_column][\/vc_row][vc_row full_width=&#8221;stretch_row&#8221; css=&#8221;.vc_custom_1536827763168{background: #555555 url(http:\/\/molinoviejo.co\/constructora\/wp-content\/uploads\/2018\/05\/vertical-lines-light-2.png?id=11374) !important;background-position: 0 0 !important;background-repeat: repeat !important;}&#8221; el_class=&#8221;spaced&#8221;][vc_column][vc_column_text css=&#8221;.vc_custom_1612414053207{margin-left: 120px !important;}&#8221;]<\/p>\n<h2 style=\"text-align: center;\"><span style=\"color: #ffffff;\">NUESTRO EQUIPO<\/span><\/h2>\n<p>[\/vc_column_text][vc_row_inner css=&#8221;.vc_custom_1611946759896{margin-top: 50px !important;}&#8221;][vc_column_inner width=&#8221;1\/6&#8243;][\/vc_column_inner][vc_column_inner width=&#8221;1\/4&#8243;]<div class=\"team-member light\"><div class=\"content-box\"><div class=\"image-container\"><div class=\"member-details\"><\/div><div class=\"side-overlay\"><\/div><div class=\"vertical-number-box\"><span class=\"vertical-number\">Gerente General<\/span><\/div><img decoding=\"async\" src=\"https:\/\/molinoviejo.co\/constructora\/wp-content\/uploads\/2021\/01\/10.jpg\" alt=\"William Jos\u00e9 Montoya M.\"><\/div><div class=\"content-box-info\"><h4>William Jos\u00e9 Montoya M.<\/h4><\/div><\/div><\/div>[\/vc_column_inner][vc_column_inner width=&#8221;1\/4&#8243;]<div class=\"team-member light\"><div class=\"content-box\"><div class=\"image-container\"><div class=\"member-details\"><hr><span class=\"member-info\">arquitectura4@molinoviejo.co<\/span><hr><\/div><div class=\"side-overlay\"><\/div><div class=\"vertical-number-box\"><span class=\"vertical-number\">Arquitecto<\/span><\/div><img decoding=\"async\" src=\"https:\/\/molinoviejo.co\/constructora\/wp-content\/uploads\/2021\/01\/9.jpg\" alt=\"Rom\u00e1n Eduardo Pineda R.\"><\/div><div class=\"content-box-info\"><h4>Rom\u00e1n Eduardo Pineda R.<\/h4><\/div><\/div><\/div>[\/vc_column_inner][vc_column_inner width=&#8221;1\/4&#8243;]<div class=\"team-member light\"><div class=\"content-box\"><div class=\"image-container\"><div class=\"member-details\"><\/div><div class=\"side-overlay\"><\/div><div class=\"vertical-number-box\"><span class=\"vertical-number\">Dise\u00f1adora de interiores<\/span><\/div><img decoding=\"async\" src=\"https:\/\/molinoviejo.co\/constructora\/wp-content\/uploads\/2021\/01\/3.jpg\" alt=\"Catalina Duque O.\"><\/div><div class=\"content-box-info\"><h4>Catalina Duque O.<\/h4><\/div><\/div><\/div>[\/vc_column_inner][\/vc_row_inner][vc_row_inner css=&#8221;.vc_custom_1536827552974{margin-top: 50px !important;}&#8221;][vc_column_inner width=&#8221;1\/6&#8243;][\/vc_column_inner][vc_column_inner width=&#8221;1\/4&#8243;]<div class=\"team-member light\"><div class=\"content-box\"><div class=\"image-container\"><div class=\"member-details\"><hr><span class=\"member-info\">arquitectura1@molinoviejo.co<\/span><hr><\/div><div class=\"side-overlay\"><\/div><div class=\"vertical-number-box\"><span class=\"vertical-number\">Arquitecta<\/span><\/div><img decoding=\"async\" src=\"https:\/\/molinoviejo.co\/constructora\/wp-content\/uploads\/2021\/01\/4.jpg\" alt=\"Mar\u00eda Camila Reyes C.\"><\/div><div class=\"content-box-info\"><h4>Mar\u00eda Camila Reyes C.<\/h4><\/div><\/div><\/div>[\/vc_column_inner][vc_column_inner width=&#8221;1\/4&#8243;]<div class=\"team-member light\"><div class=\"content-box\"><div class=\"image-container\"><div class=\"member-details\"><hr><span class=\"member-info\">arquitectura5@molinoviejo.co<\/span><hr><\/div><div class=\"side-overlay\"><\/div><div class=\"vertical-number-box\"><span class=\"vertical-number\">Arquitecta<\/span><\/div><img decoding=\"async\" src=\"https:\/\/molinoviejo.co\/constructora\/wp-content\/uploads\/2021\/01\/5.jpg\" alt=\"Luisa Mar\u00eda Barrientos M.\"><\/div><div class=\"content-box-info\"><h4>Luisa Mar\u00eda Barrientos M.<\/h4><\/div><\/div><\/div>[\/vc_column_inner][vc_column_inner width=&#8221;1\/4&#8243;]<div class=\"team-member light\"><div class=\"content-box\"><div class=\"image-container\"><div class=\"member-details\"><hr><span class=\"member-info\">arquitectura3@molinoviejo.co<\/span><hr><\/div><div class=\"side-overlay\"><\/div><div class=\"vertical-number-box\"><span class=\"vertical-number\">Arquitecto<\/span><\/div><img decoding=\"async\" src=\"https:\/\/molinoviejo.co\/constructora\/wp-content\/uploads\/2021\/01\/7.jpg\" alt=\"Jorge Mario Bermudez C.\"><\/div><div class=\"content-box-info\"><h4>Jorge Mario Bermudez C.<\/h4><\/div><\/div><\/div>[\/vc_column_inner][\/vc_row_inner][vc_row_inner css=&#8221;.vc_custom_1536827552974{margin-top: 50px !important;}&#8221;][vc_column_inner width=&#8221;1\/6&#8243;][\/vc_column_inner][vc_column_inner width=&#8221;1\/4&#8243;]<div class=\"team-member light\"><div class=\"content-box\"><div class=\"image-container\"><div class=\"member-details\"><hr><span class=\"member-info\">arquitectura2@molinoviejo.co<\/span><hr><\/div><div class=\"side-overlay\"><\/div><div class=\"vertical-number-box\"><span class=\"vertical-number\">Arquitecto<\/span><\/div><img decoding=\"async\" src=\"https:\/\/molinoviejo.co\/constructora\/wp-content\/uploads\/2021\/01\/8.jpg\" alt=\"Mateo Montoya E.\"><\/div><div class=\"content-box-info\"><h4>Mateo Montoya E.<\/h4><\/div><\/div><\/div>[\/vc_column_inner][vc_column_inner width=&#8221;1\/4&#8243;]<div class=\"team-member light\"><div class=\"content-box\"><div class=\"image-container\"><div class=\"member-details\"><hr><span class=\"member-info\">gerencia@molinoviejo.co<\/span><hr><\/div><div class=\"side-overlay\"><\/div><div class=\"vertical-number-box\"><span class=\"vertical-number\">Administrativo<\/span><\/div><img decoding=\"async\" src=\"https:\/\/molinoviejo.co\/constructora\/wp-content\/uploads\/2021\/01\/1.jpg\" alt=\"Alejandra Arrubla B.\"><\/div><div class=\"content-box-info\"><h4>Alejandra Arrubla B.<\/h4><\/div><\/div><\/div>[\/vc_column_inner][vc_column_inner width=&#8221;1\/4&#8243;]<div class=\"team-member light\"><div class=\"content-box\"><div class=\"image-container\"><div class=\"member-details\"><hr><span class=\"member-info\">secretaria@molinoviejo.co<\/span><hr><\/div><div class=\"side-overlay\"><\/div><div class=\"vertical-number-box\"><span class=\"vertical-number\">Administrativo<\/span><\/div><img decoding=\"async\" src=\"https:\/\/molinoviejo.co\/constructora\/wp-content\/uploads\/2021\/01\/6.jpg\" alt=\"Alexandra Yepes A.\"><\/div><div class=\"content-box-info\"><h4>Alexandra Yepes A.<\/h4><\/div><\/div><\/div>[\/vc_column_inner][vc_column_inner width=&#8221;1\/4&#8243;][\/vc_column_inner][\/vc_row_inner][\/vc_column][\/vc_row][vc_row full_width=&#8221;stretch_row&#8221; css=&#8221;.vc_custom_1612197437598{background-color: #f4f4f4 !important;background-position: center !important;background-repeat: no-repeat !important;background-size: cover !important;}&#8221;][vc_column width=&#8221;1\/4&#8243;][vc_empty_space height=&#8221;25px&#8221;][vc_single_image image=&#8221;13507&#8243;][\/vc_column][vc_column width=&#8221;1\/4&#8243;][vc_empty_space height=&#8221;25px&#8221;][vc_single_image image=&#8221;13506&#8243; css=&#8221;.vc_custom_1612152755701{background-color: #ffffff !important;}&#8221;][\/vc_column][vc_column width=&#8221;1\/4&#8243;][vc_empty_space height=&#8221;25px&#8221;][vc_single_image image=&#8221;13504&#8243;][\/vc_column][vc_column width=&#8221;1\/4&#8243;][vc_empty_space height=&#8221;25px&#8221;][vc_single_image image=&#8221;13505&#8243;][\/vc_column][\/vc_row][vc_row][vc_column][vc_empty_space][\/vc_column][\/vc_row][vc_row][vc_column][vc_column_text]<\/p>\n<h6 style=\"text-align: center;\">Dise\u00f1o y construcci\u00f3n con talento y calidad<\/h6>\n<p>[\/vc_column_text][\/vc_column][\/vc_row]<\/p>\n<\/div>","protected":false},"excerpt":{"rendered":"<p>[vc_row content_placement=&#8221;middle&#8221; css=&#8221;.vc_custom_1612153435064{margin-top: 0px !important;}&#8221;][vc_column width=&#8221;1\/2&#8243;][vc_row_inner el_class=&#8221;overlap-right&#8221;][vc_column_inner el_class=&#8221;shadow-box&#8221; width=&#8221;4\/5&#8243;][vc_column_text] SOMOS UNA EMPRESA INTEGRAL Y COMPROMETIDA CON OFRECER UN EXCELENTE SERVICIO. [\/vc_column_text][vc_column_text] La Constructora Molino Viejo SAS, nace el 15 de abril de 2006 y desde ese momento se ha ganado un nicho en el gremio del dise\u00f1o y la construcci\u00f3n en Antioquia, por generar proyectos [&hellip;]<\/p>\n","protected":false},"author":1,"featured_media":0,"parent":0,"menu_order":0,"comment_status":"closed","ping_status":"closed","template":"","meta":{"footnotes":""},"class_list":["post-7950","page","type-page","status-publish","hentry"],"_links":{"self":[{"href":"https:\/\/molinoviejo.co\/constructora\/wp-json\/wp\/v2\/pages\/7950","targetHints":{"allow":["GET"]}}],"collection":[{"href":"https:\/\/molinoviejo.co\/constructora\/wp-json\/wp\/v2\/pages"}],"about":[{"href":"https:\/\/molinoviejo.co\/constructora\/wp-json\/wp\/v2\/types\/page"}],"author":[{"embeddable":true,"href":"https:\/\/molinoviejo.co\/constructora\/wp-json\/wp\/v2\/users\/1"}],"replies":[{"embeddable":true,"href":"https:\/\/molinoviejo.co\/constructora\/wp-json\/wp\/v2\/comments?post=7950"}],"version-history":[{"count":50,"href":"https:\/\/molinoviejo.co\/constructora\/wp-json\/wp\/v2\/pages\/7950\/revisions"}],"predecessor-version":[{"id":14783,"href":"https:\/\/molinoviejo.co\/constructora\/wp-json\/wp\/v2\/pages\/7950\/revisions\/14783"}],"wp:attachment":[{"href":"https:\/\/molinoviejo.co\/constructora\/wp-json\/wp\/v2\/media?parent=7950"}],"curies":[{"name":"wp","href":"https:\/\/api.w.org\/{rel}","templated":true}]}}